{"id":3277,"date":"2025-11-02T20:08:25","date_gmt":"2025-11-03T01:08:25","guid":{"rendered":"https:\/\/paradehohoho.ca\/exposants\/"},"modified":"2025-11-19T14:09:55","modified_gmt":"2025-11-19T19:09:55","slug":"exhibitors","status":"publish","type":"page","link":"https:\/\/paradehohoho.ca\/en\/exhibitors\/","title":{"rendered":"Exhibitors"},"content":{"rendered":"<p><strong>Bienvenue sous la tente des artisans, auteurs, cr\u00e9ateurs et producteurs, un espace magique o\u00f9 talent et passion se rencontrent!<\/strong><\/p>\n<p>D\u00e9couvrez des produits uniques faits avec amour par des gens d\u2019ici : \u0153uvres d\u2019art, cr\u00e9ations originales, d\u00e9lices gourmands et bien plus.\u00a0Que vous cherchiez un cadeau sp\u00e9cial ou un souvenir authentique, laissez-vous inspirer par leur savoir-faire exceptionnel. Cet espace chaleureux et cr\u00e9atif est pr\u00e9sent\u00e9 fi\u00e8rement par Kruger, les restaurants St-Hubert, et Brigil, des partenaires engag\u00e9s \u00e0 mettre en lumi\u00e8re le talent local. Profitez de cette belle occasion de soutenir notre communaut\u00e9 et d\u2019ajouter une touche d\u2019authenticit\u00e9 \u00e0 vos F\u00eates!<\/p>\n","protected":false},"excerpt":{"rendered":"<p>Bienvenue sous la tente des artisans, auteurs, cr\u00e9ateurs et producteurs, un espace magique o\u00f9 talent et passion se rencontrent! D\u00e9couvrez des produits uniques faits avec amour par des gens d\u2019ici : \u0153uvres d\u2019art, cr\u00e9ations originales, d\u00e9lices gourmands et bien plus.\u00a0Que vous cherchiez un cadeau sp\u00e9cial ou un souvenir authentique, laissez-vous inspirer par leur savoir-faire exceptionnel. [&hellip;]<\/p>\n","protected":false},"author":1,"featured_media":0,"parent":0,"menu_order":3,"comment_status":"closed","ping_status":"closed","template":"templates\/exposants.php","meta":{"_acf_changed":false,"footnotes":""},"class_list":["post-3277","page","type-page","status-publish","hentry"],"acf":[],"_links":{"self":[{"href":"https:\/\/paradehohoho.ca\/en\/wp-json\/wp\/v2\/pages\/3277","targetHints":{"allow":["GET"]}}],"collection":[{"href":"https:\/\/paradehohoho.ca\/en\/wp-json\/wp\/v2\/pages"}],"about":[{"href":"https:\/\/paradehohoho.ca\/en\/wp-json\/wp\/v2\/types\/page"}],"author":[{"embeddable":true,"href":"https:\/\/paradehohoho.ca\/en\/wp-json\/wp\/v2\/users\/1"}],"replies":[{"embeddable":true,"href":"https:\/\/paradehohoho.ca\/en\/wp-json\/wp\/v2\/comments?post=3277"}],"version-history":[{"count":3,"href":"https:\/\/paradehohoho.ca\/en\/wp-json\/wp\/v2\/pages\/3277\/revisions"}],"predecessor-version":[{"id":3289,"href":"https:\/\/paradehohoho.ca\/en\/wp-json\/wp\/v2\/pages\/3277\/revisions\/3289"}],"wp:attachment":[{"href":"https:\/\/paradehohoho.ca\/en\/wp-json\/wp\/v2\/media?parent=3277"}],"curies":[{"name":"wp","href":"https:\/\/api.w.org\/{rel}","templated":true}]}}